{"id":9394,"date":"2024-04-27T14:08:46","date_gmt":"2024-04-27T11:08:46","guid":{"rendered":"http:\/\/www.elitcup.com\/en\/?page_id=9394"},"modified":"2024-06-11T09:00:51","modified_gmt":"2024-06-11T06:00:51","slug":"misir-kabi","status":"publish","type":"page","link":"http:\/\/www.elitcup.com\/en\/misir-kabi\/","title":{"rendered":"M\u0131s\u0131r Kab\u0131"},"content":{"rendered":"\t\t<div data-elementor-type=\"wp-page\" data-elementor-id=\"9394\" class=\"elementor elementor-9394\">\n\t\t\t\t\t\t<section class=\"elementor-section elementor-top-section elementor-element elementor-element-a65929a elementor-section-content-middle elementor-section-boxed elementor-section-height-default elementor-section-height-default\" data-id=\"a65929a\" data-element_type=\"section\">\n\t\t\t\t\t\t<div class=\"elementor-container elementor-column-gap-default\">\n\t\t\t\t\t<div class=\"elementor-column elementor-col-100 elementor-top-column elementor-element elementor-element-d5fde7f\" data-id=\"d5fde7f\" data-element_type=\"column\">\n\t\t\t<div class=\"elementor-widget-wrap elementor-element-populated\">\n\t\t\t\t\t\t<div class=\"elementor-element elementor-element-da8c8b2 elementor-widget elementor-widget-hub_fancy_heading\" data-id=\"da8c8b2\" data-element_type=\"widget\" data-widget_type=\"hub_fancy_heading.default\">\n\t\t\t\t<div class=\"elementor-widget-container\">\n\t\t\t\n\t\t<div id=\"ld-fancy-heading-6a04a788a0279\" class=\"ld-fancy-heading pos-rel\">\n\t\t\t<h3 class=\"ld-fh-element d-inline-block pos-rel  elementor-heading-title lqd-highlight-classic lqd-highlight-grow-left h3\"  > Corn Bowl (Food Group)<\/h3>\t\t<\/div>\n\n\t\t\t\t<\/div>\n\t\t\t\t<\/div>\n\t\t\t\t\t<\/div>\n\t\t<\/div>\n\t\t\t\t\t<\/div>\n\t\t<\/section>\n\t\t\t\t<section class=\"elementor-section elementor-top-section elementor-element elementor-element-0e860c9 elementor-section-boxed elementor-section-height-default elementor-section-height-default\" data-id=\"0e860c9\" data-element_type=\"section\">\n\t\t\t\t\t\t<div class=\"elementor-container elementor-column-gap-default\">\n\t\t\t\t\t<div class=\"elementor-column elementor-col-100 elementor-top-column elementor-element elementor-element-c504bad\" data-id=\"c504bad\" data-element_type=\"column\">\n\t\t\t<div class=\"elementor-widget-wrap elementor-element-populated\">\n\t\t\t\t\t\t<div class=\"elementor-element elementor-element-f8d5c0b elementor-widget elementor-widget-ld_portfolio\" data-id=\"f8d5c0b\" data-element_type=\"widget\" data-widget_type=\"ld_portfolio.default\">\n\t\t\t\t<div class=\"elementor-widget-container\">\n\t\t\t<div class=\"lqd-pf-grid lqd-pf-grid-f8d5c0b\"><div id=\"lqd-pf-grid-f8d5c0b\" class=\"lqd-pf-row row d-flex flex-wrap lqd-pf-grid-f8d5c0b\" data-liquid-masonry=\"true\" data-masonry-options='{ \"layoutMode\": \"packery\" }'>\n<div class=\"lqd-pf-column col-md-3 col-sm-6 col-xs-12 col-sm-6 col-xs-12 masonry-item corn-container\">\n\n\t<article id=\"post-9359\" class=\"lqd-pf-item lqd-pf-item-style-2 lqd-pf-overlay-bg-scale lqd-pf-color-custom pf-details-h-str post-9359 liquid-portfolio type-liquid-portfolio status-publish format-standard has-post-thumbnail hentry liquid-portfolio-category-corn-container\">\n\t\t<div class=\"lqd-pf-item-inner\">\n\n\t\t\t<div class=\"lqd-pf-img mb-3 pos-rel border-radius-6 overflow-hidden\">\n\t\t\t\t<figure>\n\t\t\t\t\t<figure class=\"w-100\"><img fetchpriority=\"high\" decoding=\"async\" width=\"3000\" height=\"2000\" src=\"http:\/\/www.elitcup.com\/en\/wp-content\/uploads\/2024\/04\/misirkabi.jpg\" class=\"w-100 wp-post-image\" alt=\"\" srcset=\"http:\/\/www.elitcup.com\/en\/wp-content\/uploads\/2024\/04\/misirkabi.jpg 3000w, http:\/\/www.elitcup.com\/en\/wp-content\/uploads\/2024\/04\/misirkabi-300x200.jpg 300w, http:\/\/www.elitcup.com\/en\/wp-content\/uploads\/2024\/04\/misirkabi-1024x683.jpg 1024w, http:\/\/www.elitcup.com\/en\/wp-content\/uploads\/2024\/04\/misirkabi-1536x1024.jpg 1536w, http:\/\/www.elitcup.com\/en\/wp-content\/uploads\/2024\/04\/misirkabi-2048x1365.jpg 2048w, http:\/\/www.elitcup.com\/en\/wp-content\/uploads\/2024\/04\/misirkabi-720x480.jpg 720w\" sizes=\"(max-width: 3000px) 100vw, 3000px\" itemprop=\"image\" \/><\/figure>\t\t\t\t<\/figure>\n\t\t\t\t<span class=\"lqd-pf-overlay-bg lqd-overlay d-flex align-items-center justify-content-center\">\n\t\t\t\t\t<i class=\"lqd-icn-ess icon-md-arrow-forward\"><\/i>\n\t\t\t\t<\/span>\n\t\t\t<\/div>\n\n\t\t\t<div class=\"lqd-pf-details\">\n\t\t\t\t\t\t\t\t<h3 class=\"lqd-pf-title mt-0 mb-1 h5\">Corn Container &#8211; 7 oz<\/h3>\t\t\t\t<ul class=\"reset-ul inline-nav lqd-pf-cat d-inline-flex pos-rel z-index-2\"><li><a href=\"http:\/\/www.elitcup.com\/en\/portfolio-category\/corn-container\/\">Corn Container<\/a><\/li><\/ul>\n\t\t\t<\/div>\n\n\t\t\t<a href=\"http:\/\/www.elitcup.com\/en\/portfolio\/corn-container-7-oz\/\"  class=\"lqd-overlay lqd-pf-overlay-link lqd-cc-label-trigger\" ><\/a>\n\t\t<\/div>\n\t<\/article>\n\n<\/div>\n<div class=\"lqd-pf-column col-md-3 col-sm-6 col-xs-12 col-sm-6 col-xs-12 masonry-item corn-container\">\n\n\t<article id=\"post-9358\" class=\"lqd-pf-item lqd-pf-item-style-2 lqd-pf-overlay-bg-scale lqd-pf-color-custom pf-details-h-str post-9358 liquid-portfolio type-liquid-portfolio status-publish format-standard has-post-thumbnail hentry liquid-portfolio-category-corn-container\">\n\t\t<div class=\"lqd-pf-item-inner\">\n\n\t\t\t<div class=\"lqd-pf-img mb-3 pos-rel border-radius-6 overflow-hidden\">\n\t\t\t\t<figure>\n\t\t\t\t\t<figure class=\"w-100\"><img decoding=\"async\" width=\"3000\" height=\"2000\" src=\"data:image\/svg+xml;charset=utf-8,%3Csvg xmlns%3D&#039;http%3A%2F%2Fwww.w3.org%2F2000%2Fsvg&#039; viewBox%3D&#039;0 0  &#039;%2F%3E\" class=\"w-100 ld-lazyload wp-post-image\" alt=\"\" itemprop=\"image\" data-src=\"http:\/\/www.elitcup.com\/en\/wp-content\/uploads\/2024\/04\/misirkabi.jpg\" data-srcset=\"http:\/\/www.elitcup.com\/en\/wp-content\/uploads\/2024\/04\/misirkabi.jpg 3000w, http:\/\/www.elitcup.com\/en\/wp-content\/uploads\/2024\/04\/misirkabi-300x200.jpg 300w, http:\/\/www.elitcup.com\/en\/wp-content\/uploads\/2024\/04\/misirkabi-1024x683.jpg 1024w, http:\/\/www.elitcup.com\/en\/wp-content\/uploads\/2024\/04\/misirkabi-1536x1024.jpg 1536w, http:\/\/www.elitcup.com\/en\/wp-content\/uploads\/2024\/04\/misirkabi-2048x1365.jpg 2048w, http:\/\/www.elitcup.com\/en\/wp-content\/uploads\/2024\/04\/misirkabi-720x480.jpg 720w\" data-sizes=\"(max-width: 3000px) 100vw, 3000px\" data-aspect=\"\" \/><\/figure>\t\t\t\t<\/figure>\n\t\t\t\t<span class=\"lqd-pf-overlay-bg lqd-overlay d-flex align-items-center justify-content-center\">\n\t\t\t\t\t<i class=\"lqd-icn-ess icon-md-arrow-forward\"><\/i>\n\t\t\t\t<\/span>\n\t\t\t<\/div>\n\n\t\t\t<div class=\"lqd-pf-details\">\n\t\t\t\t\t\t\t\t<h3 class=\"lqd-pf-title mt-0 mb-1 h5\">Corn Container &#8211; 4 oz<\/h3>\t\t\t\t<ul class=\"reset-ul inline-nav lqd-pf-cat d-inline-flex pos-rel z-index-2\"><li><a href=\"http:\/\/www.elitcup.com\/en\/portfolio-category\/corn-container\/\">Corn Container<\/a><\/li><\/ul>\n\t\t\t<\/div>\n\n\t\t\t<a href=\"http:\/\/www.elitcup.com\/en\/portfolio\/corn-container-4-oz-2\/\"  class=\"lqd-overlay lqd-pf-overlay-link lqd-cc-label-trigger\" ><\/a>\n\t\t<\/div>\n\t<\/article>\n\n<\/div><\/div><\/div>\t\t<\/div>\n\t\t\t\t<\/div>\n\t\t\t\t\t<\/div>\n\t\t<\/div>\n\t\t\t\t\t<\/div>\n\t\t<\/section>\n\t\t\t\t<\/div>\n\t\t","protected":false},"excerpt":{"rendered":"<p>Corn Bowl (Food Group) Corn Container &#8211; 7 oz Corn Container Corn Container &#8211; 4 oz Corn Container<\/p>\n","protected":false},"author":1,"featured_media":0,"parent":0,"menu_order":0,"comment_status":"closed","ping_status":"closed","template":"","meta":{"_joinchat":[],"footnotes":""},"class_list":["post-9394","page","type-page","status-publish","hentry"],"_links":{"self":[{"href":"http:\/\/www.elitcup.com\/en\/wp-json\/wp\/v2\/pages\/9394","targetHints":{"allow":["GET"]}}],"collection":[{"href":"http:\/\/www.elitcup.com\/en\/wp-json\/wp\/v2\/pages"}],"about":[{"href":"http:\/\/www.elitcup.com\/en\/wp-json\/wp\/v2\/types\/page"}],"author":[{"embeddable":true,"href":"http:\/\/www.elitcup.com\/en\/wp-json\/wp\/v2\/users\/1"}],"replies":[{"embeddable":true,"href":"http:\/\/www.elitcup.com\/en\/wp-json\/wp\/v2\/comments?post=9394"}],"version-history":[{"count":16,"href":"http:\/\/www.elitcup.com\/en\/wp-json\/wp\/v2\/pages\/9394\/revisions"}],"predecessor-version":[{"id":10212,"href":"http:\/\/www.elitcup.com\/en\/wp-json\/wp\/v2\/pages\/9394\/revisions\/10212"}],"wp:attachment":[{"href":"http:\/\/www.elitcup.com\/en\/wp-json\/wp\/v2\/media?parent=9394"}],"curies":[{"name":"wp","href":"https:\/\/api.w.org\/{rel}","templated":true}]}}