{"id":9392,"date":"2024-04-27T14:08:30","date_gmt":"2024-04-27T11:08:30","guid":{"rendered":"http:\/\/www.elitcup.com\/en\/?page_id=9392"},"modified":"2024-06-11T09:04:56","modified_gmt":"2024-06-11T06:04:56","slug":"sicak-bardak-cift-duvarli","status":"publish","type":"page","link":"http:\/\/www.elitcup.com\/en\/sicak-bardak-cift-duvarli\/","title":{"rendered":"S\u0131cak Bardak ( \u00c7ift Duvarl\u0131 )"},"content":{"rendered":"\t\t<div data-elementor-type=\"wp-page\" data-elementor-id=\"9392\" class=\"elementor elementor-9392\">\n\t\t\t\t\t\t<section class=\"elementor-section elementor-top-section elementor-element elementor-element-a65929a elementor-section-content-middle elementor-section-boxed elementor-section-height-default elementor-section-height-default\" data-id=\"a65929a\" data-element_type=\"section\">\n\t\t\t\t\t\t<div class=\"elementor-container elementor-column-gap-default\">\n\t\t\t\t\t<div class=\"elementor-column elementor-col-100 elementor-top-column elementor-element elementor-element-d5fde7f\" data-id=\"d5fde7f\" data-element_type=\"column\">\n\t\t\t<div class=\"elementor-widget-wrap elementor-element-populated\">\n\t\t\t\t\t\t<div class=\"elementor-element elementor-element-da8c8b2 elementor-widget elementor-widget-hub_fancy_heading\" data-id=\"da8c8b2\" data-element_type=\"widget\" data-widget_type=\"hub_fancy_heading.default\">\n\t\t\t\t<div class=\"elementor-widget-container\">\n\t\t\t\n\t\t<div id=\"ld-fancy-heading-6a04a8638c511\" class=\"ld-fancy-heading pos-rel\">\n\t\t\t<h3 class=\"ld-fh-element d-inline-block pos-rel  elementor-heading-title lqd-highlight-classic lqd-highlight-grow-left h3\"  > Hot Cup Group (Double Wall)<\/h3>\t\t<\/div>\n\n\t\t\t\t<\/div>\n\t\t\t\t<\/div>\n\t\t\t\t\t<\/div>\n\t\t<\/div>\n\t\t\t\t\t<\/div>\n\t\t<\/section>\n\t\t\t\t<section class=\"elementor-section elementor-top-section elementor-element elementor-element-09a924c elementor-section-boxed elementor-section-height-default elementor-section-height-default\" data-id=\"09a924c\" data-element_type=\"section\">\n\t\t\t\t\t\t<div class=\"elementor-container elementor-column-gap-default\">\n\t\t\t\t\t<div class=\"elementor-column elementor-col-100 elementor-top-column elementor-element elementor-element-dc2fb19\" data-id=\"dc2fb19\" data-element_type=\"column\">\n\t\t\t<div class=\"elementor-widget-wrap elementor-element-populated\">\n\t\t\t\t\t\t<div class=\"elementor-element elementor-element-5c4c4b1 elementor-widget elementor-widget-ld_portfolio\" data-id=\"5c4c4b1\" data-element_type=\"widget\" data-widget_type=\"ld_portfolio.default\">\n\t\t\t\t<div class=\"elementor-widget-container\">\n\t\t\t<div class=\"lqd-pf-grid lqd-pf-grid-5c4c4b1\"><div id=\"lqd-pf-grid-5c4c4b1\" class=\"lqd-pf-row row d-flex flex-wrap lqd-pf-grid-5c4c4b1\" data-liquid-masonry=\"true\" data-masonry-options='{ \"layoutMode\": \"packery\" }'>\n<div class=\"lqd-pf-column col-md-3 col-sm-6 col-xs-12 col-sm-6 col-xs-12 masonry-item hot-beverage-group-double-wall\">\n\n\t<article id=\"post-9275\" class=\"lqd-pf-item lqd-pf-item-style-2 lqd-pf-overlay-bg-scale lqd-pf-color-custom pf-details-h-str post-9275 liquid-portfolio type-liquid-portfolio status-publish format-standard has-post-thumbnail hentry liquid-portfolio-category-hot-beverage-group-double-wall\">\n\t\t<div class=\"lqd-pf-item-inner\">\n\n\t\t\t<div class=\"lqd-pf-img mb-3 pos-rel border-radius-6 overflow-hidden\">\n\t\t\t\t<figure>\n\t\t\t\t\t<figure class=\"w-100\"><img fetchpriority=\"high\" decoding=\"async\" width=\"3000\" height=\"2000\" src=\"http:\/\/www.elitcup.com\/en\/wp-content\/uploads\/2024\/04\/double.jpg\" class=\"w-100 wp-post-image\" alt=\"\" srcset=\"http:\/\/www.elitcup.com\/en\/wp-content\/uploads\/2024\/04\/double.jpg 3000w, http:\/\/www.elitcup.com\/en\/wp-content\/uploads\/2024\/04\/double-300x200.jpg 300w, http:\/\/www.elitcup.com\/en\/wp-content\/uploads\/2024\/04\/double-1024x683.jpg 1024w, http:\/\/www.elitcup.com\/en\/wp-content\/uploads\/2024\/04\/double-1536x1024.jpg 1536w, http:\/\/www.elitcup.com\/en\/wp-content\/uploads\/2024\/04\/double-2048x1365.jpg 2048w, http:\/\/www.elitcup.com\/en\/wp-content\/uploads\/2024\/04\/double-720x480.jpg 720w\" sizes=\"(max-width: 3000px) 100vw, 3000px\" itemprop=\"image\" \/><\/figure>\t\t\t\t<\/figure>\n\t\t\t\t<span class=\"lqd-pf-overlay-bg lqd-overlay d-flex align-items-center justify-content-center\">\n\t\t\t\t\t<i class=\"lqd-icn-ess icon-md-arrow-forward\"><\/i>\n\t\t\t\t<\/span>\n\t\t\t<\/div>\n\n\t\t\t<div class=\"lqd-pf-details\">\n\t\t\t\t\t\t\t\t<h3 class=\"lqd-pf-title mt-0 mb-1 h5\">Paper (Cardboard) Cup &#8211; 7 oz Cold<\/h3>\t\t\t\t<ul class=\"reset-ul inline-nav lqd-pf-cat d-inline-flex pos-rel z-index-2\"><li><a href=\"http:\/\/www.elitcup.com\/en\/portfolio-category\/hot-beverage-group-double-wall\/\">Hot Beverage Group (Double Wall)<\/a><\/li><\/ul>\n\t\t\t<\/div>\n\n\t\t\t<a href=\"http:\/\/www.elitcup.com\/en\/portfolio\/paper-cardboard-cup-7-oz-cold\/\"  class=\"lqd-overlay lqd-pf-overlay-link lqd-cc-label-trigger\" ><\/a>\n\t\t<\/div>\n\t<\/article>\n\n<\/div>\n<div class=\"lqd-pf-column col-md-3 col-sm-6 col-xs-12 col-sm-6 col-xs-12 masonry-item hot-beverage-group-double-wall\">\n\n\t<article id=\"post-9276\" class=\"lqd-pf-item lqd-pf-item-style-2 lqd-pf-overlay-bg-scale lqd-pf-color-custom pf-details-h-str post-9276 liquid-portfolio type-liquid-portfolio status-publish format-standard has-post-thumbnail hentry liquid-portfolio-category-hot-beverage-group-double-wall\">\n\t\t<div class=\"lqd-pf-item-inner\">\n\n\t\t\t<div class=\"lqd-pf-img mb-3 pos-rel border-radius-6 overflow-hidden\">\n\t\t\t\t<figure>\n\t\t\t\t\t<figure class=\"w-100\"><img decoding=\"async\" width=\"3000\" height=\"2000\" src=\"data:image\/svg+xml;charset=utf-8,%3Csvg xmlns%3D&#039;http%3A%2F%2Fwww.w3.org%2F2000%2Fsvg&#039; viewBox%3D&#039;0 0  &#039;%2F%3E\" class=\"w-100 ld-lazyload wp-post-image\" alt=\"\" itemprop=\"image\" data-src=\"http:\/\/www.elitcup.com\/en\/wp-content\/uploads\/2024\/04\/double.jpg\" data-srcset=\"http:\/\/www.elitcup.com\/en\/wp-content\/uploads\/2024\/04\/double.jpg 3000w, http:\/\/www.elitcup.com\/en\/wp-content\/uploads\/2024\/04\/double-300x200.jpg 300w, http:\/\/www.elitcup.com\/en\/wp-content\/uploads\/2024\/04\/double-1024x683.jpg 1024w, http:\/\/www.elitcup.com\/en\/wp-content\/uploads\/2024\/04\/double-1536x1024.jpg 1536w, http:\/\/www.elitcup.com\/en\/wp-content\/uploads\/2024\/04\/double-2048x1365.jpg 2048w, http:\/\/www.elitcup.com\/en\/wp-content\/uploads\/2024\/04\/double-720x480.jpg 720w\" data-sizes=\"(max-width: 3000px) 100vw, 3000px\" data-aspect=\"\" \/><\/figure>\t\t\t\t<\/figure>\n\t\t\t\t<span class=\"lqd-pf-overlay-bg lqd-overlay d-flex align-items-center justify-content-center\">\n\t\t\t\t\t<i class=\"lqd-icn-ess icon-md-arrow-forward\"><\/i>\n\t\t\t\t<\/span>\n\t\t\t<\/div>\n\n\t\t\t<div class=\"lqd-pf-details\">\n\t\t\t\t\t\t\t\t<h3 class=\"lqd-pf-title mt-0 mb-1 h5\">Paper (Cardboard) Cup &#8211; 8 oz Double<\/h3>\t\t\t\t<ul class=\"reset-ul inline-nav lqd-pf-cat d-inline-flex pos-rel z-index-2\"><li><a href=\"http:\/\/www.elitcup.com\/en\/portfolio-category\/hot-beverage-group-double-wall\/\">Hot Beverage Group (Double Wall)<\/a><\/li><\/ul>\n\t\t\t<\/div>\n\n\t\t\t<a href=\"http:\/\/www.elitcup.com\/en\/portfolio\/paper-cardboard-cup-8-oz-double\/\"  class=\"lqd-overlay lqd-pf-overlay-link lqd-cc-label-trigger\" ><\/a>\n\t\t<\/div>\n\t<\/article>\n\n<\/div>\n<div class=\"lqd-pf-column col-md-3 col-sm-6 col-xs-12 col-sm-6 col-xs-12 masonry-item hot-beverage-group-double-wall\">\n\n\t<article id=\"post-9277\" class=\"lqd-pf-item lqd-pf-item-style-2 lqd-pf-overlay-bg-scale lqd-pf-color-custom pf-details-h-str post-9277 liquid-portfolio type-liquid-portfolio status-publish format-standard has-post-thumbnail hentry liquid-portfolio-category-hot-beverage-group-double-wall\">\n\t\t<div class=\"lqd-pf-item-inner\">\n\n\t\t\t<div class=\"lqd-pf-img mb-3 pos-rel border-radius-6 overflow-hidden\">\n\t\t\t\t<figure>\n\t\t\t\t\t<figure class=\"w-100\"><img decoding=\"async\" width=\"3000\" height=\"2000\" src=\"data:image\/svg+xml;charset=utf-8,%3Csvg xmlns%3D&#039;http%3A%2F%2Fwww.w3.org%2F2000%2Fsvg&#039; viewBox%3D&#039;0 0  &#039;%2F%3E\" class=\"w-100 ld-lazyload wp-post-image\" alt=\"\" itemprop=\"image\" data-src=\"http:\/\/www.elitcup.com\/en\/wp-content\/uploads\/2024\/04\/double.jpg\" data-srcset=\"http:\/\/www.elitcup.com\/en\/wp-content\/uploads\/2024\/04\/double.jpg 3000w, http:\/\/www.elitcup.com\/en\/wp-content\/uploads\/2024\/04\/double-300x200.jpg 300w, http:\/\/www.elitcup.com\/en\/wp-content\/uploads\/2024\/04\/double-1024x683.jpg 1024w, http:\/\/www.elitcup.com\/en\/wp-content\/uploads\/2024\/04\/double-1536x1024.jpg 1536w, http:\/\/www.elitcup.com\/en\/wp-content\/uploads\/2024\/04\/double-2048x1365.jpg 2048w, http:\/\/www.elitcup.com\/en\/wp-content\/uploads\/2024\/04\/double-720x480.jpg 720w\" data-sizes=\"(max-width: 3000px) 100vw, 3000px\" data-aspect=\"\" \/><\/figure>\t\t\t\t<\/figure>\n\t\t\t\t<span class=\"lqd-pf-overlay-bg lqd-overlay d-flex align-items-center justify-content-center\">\n\t\t\t\t\t<i class=\"lqd-icn-ess icon-md-arrow-forward\"><\/i>\n\t\t\t\t<\/span>\n\t\t\t<\/div>\n\n\t\t\t<div class=\"lqd-pf-details\">\n\t\t\t\t\t\t\t\t<h3 class=\"lqd-pf-title mt-0 mb-1 h5\">Paper (Cardboard) Cup &#8211; 14 oz Double<\/h3>\t\t\t\t<ul class=\"reset-ul inline-nav lqd-pf-cat d-inline-flex pos-rel z-index-2\"><li><a href=\"http:\/\/www.elitcup.com\/en\/portfolio-category\/hot-beverage-group-double-wall\/\">Hot Beverage Group (Double Wall)<\/a><\/li><\/ul>\n\t\t\t<\/div>\n\n\t\t\t<a href=\"http:\/\/www.elitcup.com\/en\/portfolio\/paper-cardboard-cup-14-oz-double\/\"  class=\"lqd-overlay lqd-pf-overlay-link lqd-cc-label-trigger\" ><\/a>\n\t\t<\/div>\n\t<\/article>\n\n<\/div>\n<div class=\"lqd-pf-column col-md-3 col-sm-6 col-xs-12 col-sm-6 col-xs-12 masonry-item hot-beverage-group-double-wall\">\n\n\t<article id=\"post-9278\" class=\"lqd-pf-item lqd-pf-item-style-2 lqd-pf-overlay-bg-scale lqd-pf-color-custom pf-details-h-str post-9278 liquid-portfolio type-liquid-portfolio status-publish format-standard has-post-thumbnail hentry liquid-portfolio-category-hot-beverage-group-double-wall\">\n\t\t<div class=\"lqd-pf-item-inner\">\n\n\t\t\t<div class=\"lqd-pf-img mb-3 pos-rel border-radius-6 overflow-hidden\">\n\t\t\t\t<figure>\n\t\t\t\t\t<figure class=\"w-100\"><img decoding=\"async\" width=\"3000\" height=\"2000\" src=\"data:image\/svg+xml;charset=utf-8,%3Csvg xmlns%3D&#039;http%3A%2F%2Fwww.w3.org%2F2000%2Fsvg&#039; viewBox%3D&#039;0 0  &#039;%2F%3E\" class=\"w-100 ld-lazyload wp-post-image\" alt=\"\" itemprop=\"image\" data-src=\"http:\/\/www.elitcup.com\/en\/wp-content\/uploads\/2024\/04\/double.jpg\" data-srcset=\"http:\/\/www.elitcup.com\/en\/wp-content\/uploads\/2024\/04\/double.jpg 3000w, http:\/\/www.elitcup.com\/en\/wp-content\/uploads\/2024\/04\/double-300x200.jpg 300w, http:\/\/www.elitcup.com\/en\/wp-content\/uploads\/2024\/04\/double-1024x683.jpg 1024w, http:\/\/www.elitcup.com\/en\/wp-content\/uploads\/2024\/04\/double-1536x1024.jpg 1536w, http:\/\/www.elitcup.com\/en\/wp-content\/uploads\/2024\/04\/double-2048x1365.jpg 2048w, http:\/\/www.elitcup.com\/en\/wp-content\/uploads\/2024\/04\/double-720x480.jpg 720w\" data-sizes=\"(max-width: 3000px) 100vw, 3000px\" data-aspect=\"\" \/><\/figure>\t\t\t\t<\/figure>\n\t\t\t\t<span class=\"lqd-pf-overlay-bg lqd-overlay d-flex align-items-center justify-content-center\">\n\t\t\t\t\t<i class=\"lqd-icn-ess icon-md-arrow-forward\"><\/i>\n\t\t\t\t<\/span>\n\t\t\t<\/div>\n\n\t\t\t<div class=\"lqd-pf-details\">\n\t\t\t\t\t\t\t\t<h3 class=\"lqd-pf-title mt-0 mb-1 h5\">Paper (Cardboard) Cup &#8211; 16 oz Double<\/h3>\t\t\t\t<ul class=\"reset-ul inline-nav lqd-pf-cat d-inline-flex pos-rel z-index-2\"><li><a href=\"http:\/\/www.elitcup.com\/en\/portfolio-category\/hot-beverage-group-double-wall\/\">Hot Beverage Group (Double Wall)<\/a><\/li><\/ul>\n\t\t\t<\/div>\n\n\t\t\t<a href=\"http:\/\/www.elitcup.com\/en\/portfolio\/paper-cardboard-cup-16-oz-double\/\"  class=\"lqd-overlay lqd-pf-overlay-link lqd-cc-label-trigger\" ><\/a>\n\t\t<\/div>\n\t<\/article>\n\n<\/div>\n<div class=\"lqd-pf-column col-md-3 col-sm-6 col-xs-12 col-sm-6 col-xs-12 masonry-item hot-beverage-group-double-wall\">\n\n\t<article id=\"post-9274\" class=\"lqd-pf-item lqd-pf-item-style-2 lqd-pf-overlay-bg-scale lqd-pf-color-custom pf-details-h-str post-9274 liquid-portfolio type-liquid-portfolio status-publish format-standard has-post-thumbnail hentry liquid-portfolio-category-hot-beverage-group-double-wall\">\n\t\t<div class=\"lqd-pf-item-inner\">\n\n\t\t\t<div class=\"lqd-pf-img mb-3 pos-rel border-radius-6 overflow-hidden\">\n\t\t\t\t<figure>\n\t\t\t\t\t<figure class=\"w-100\"><img decoding=\"async\" width=\"3000\" height=\"2000\" src=\"data:image\/svg+xml;charset=utf-8,%3Csvg xmlns%3D&#039;http%3A%2F%2Fwww.w3.org%2F2000%2Fsvg&#039; viewBox%3D&#039;0 0  &#039;%2F%3E\" class=\"w-100 ld-lazyload wp-post-image\" alt=\"\" itemprop=\"image\" data-src=\"http:\/\/www.elitcup.com\/en\/wp-content\/uploads\/2024\/04\/double.jpg\" data-srcset=\"http:\/\/www.elitcup.com\/en\/wp-content\/uploads\/2024\/04\/double.jpg 3000w, http:\/\/www.elitcup.com\/en\/wp-content\/uploads\/2024\/04\/double-300x200.jpg 300w, http:\/\/www.elitcup.com\/en\/wp-content\/uploads\/2024\/04\/double-1024x683.jpg 1024w, http:\/\/www.elitcup.com\/en\/wp-content\/uploads\/2024\/04\/double-1536x1024.jpg 1536w, http:\/\/www.elitcup.com\/en\/wp-content\/uploads\/2024\/04\/double-2048x1365.jpg 2048w, http:\/\/www.elitcup.com\/en\/wp-content\/uploads\/2024\/04\/double-720x480.jpg 720w\" data-sizes=\"(max-width: 3000px) 100vw, 3000px\" data-aspect=\"\" \/><\/figure>\t\t\t\t<\/figure>\n\t\t\t\t<span class=\"lqd-pf-overlay-bg lqd-overlay d-flex align-items-center justify-content-center\">\n\t\t\t\t\t<i class=\"lqd-icn-ess icon-md-arrow-forward\"><\/i>\n\t\t\t\t<\/span>\n\t\t\t<\/div>\n\n\t\t\t<div class=\"lqd-pf-details\">\n\t\t\t\t\t\t\t\t<h3 class=\"lqd-pf-title mt-0 mb-1 h5\">Paper (Cardboard) Cup &#8211; 4 oz Double<\/h3>\t\t\t\t<ul class=\"reset-ul inline-nav lqd-pf-cat d-inline-flex pos-rel z-index-2\"><li><a href=\"http:\/\/www.elitcup.com\/en\/portfolio-category\/hot-beverage-group-double-wall\/\">Hot Beverage Group (Double Wall)<\/a><\/li><\/ul>\n\t\t\t<\/div>\n\n\t\t\t<a href=\"http:\/\/www.elitcup.com\/en\/portfolio\/paper-cardboard-cup-4-oz-double\/\"  class=\"lqd-overlay lqd-pf-overlay-link lqd-cc-label-trigger\" ><\/a>\n\t\t<\/div>\n\t<\/article>\n\n<\/div><\/div><\/div>\t\t<\/div>\n\t\t\t\t<\/div>\n\t\t\t\t\t<\/div>\n\t\t<\/div>\n\t\t\t\t\t<\/div>\n\t\t<\/section>\n\t\t\t\t<\/div>\n\t\t","protected":false},"excerpt":{"rendered":"<p>Hot Cup Group (Double Wall) Paper (Cardboard) Cup &#8211; 7 oz Cold Hot Beverage Group (Double Wall) Paper (Cardboard) Cup &#8211; 8 oz Double Hot Beverage Group (Double Wall) Paper (Cardboard) Cup &#8211; 14 oz Double Hot Beverage Group (Double Wall) Paper (Cardboard) Cup &#8211; 16 oz Double Hot Beverage Group (Double Wall) Paper (Cardboard) [&hellip;]<\/p>\n","protected":false},"author":1,"featured_media":0,"parent":0,"menu_order":0,"comment_status":"closed","ping_status":"closed","template":"","meta":{"_joinchat":[],"footnotes":""},"class_list":["post-9392","page","type-page","status-publish","hentry"],"_links":{"self":[{"href":"http:\/\/www.elitcup.com\/en\/wp-json\/wp\/v2\/pages\/9392","targetHints":{"allow":["GET"]}}],"collection":[{"href":"http:\/\/www.elitcup.com\/en\/wp-json\/wp\/v2\/pages"}],"about":[{"href":"http:\/\/www.elitcup.com\/en\/wp-json\/wp\/v2\/types\/page"}],"author":[{"embeddable":true,"href":"http:\/\/www.elitcup.com\/en\/wp-json\/wp\/v2\/users\/1"}],"replies":[{"embeddable":true,"href":"http:\/\/www.elitcup.com\/en\/wp-json\/wp\/v2\/comments?post=9392"}],"version-history":[{"count":15,"href":"http:\/\/www.elitcup.com\/en\/wp-json\/wp\/v2\/pages\/9392\/revisions"}],"predecessor-version":[{"id":10243,"href":"http:\/\/www.elitcup.com\/en\/wp-json\/wp\/v2\/pages\/9392\/revisions\/10243"}],"wp:attachment":[{"href":"http:\/\/www.elitcup.com\/en\/wp-json\/wp\/v2\/media?parent=9392"}],"curies":[{"name":"wp","href":"https:\/\/api.w.org\/{rel}","templated":true}]}}